{"id":3479,"date":"2024-08-24T15:27:13","date_gmt":"2024-08-24T13:27:13","guid":{"rendered":"https:\/\/www.frankberty.com\/?page_id=3479"},"modified":"2025-01-21T10:38:41","modified_gmt":"2025-01-21T09:38:41","slug":"la-malediction-des-filles-martin","status":"publish","type":"page","link":"https:\/\/www.frankberty.com\/en\/la-malediction-des-filles-martin\/","title":{"rendered":"Blog"},"content":{"rendered":"<div data-elementor-type=\"wp-page\" data-elementor-id=\"3479\" class=\"elementor elementor-3479\">\n\t\t\t\t\t\t<section class=\"elementor-section elementor-top-section elementor-element elementor-element-7605186 elementor-section-boxed elementor-section-height-default elementor-section-height-default\" data-id=\"7605186\" data-element_type=\"section\" data-e-type=\"section\">\n\t\t\t\t\t\t<div class=\"elementor-container elementor-column-gap-default\">\n\t\t\t\t\t<div class=\"elementor-column elementor-col-100 elementor-top-column elementor-element elementor-element-10af989\" data-id=\"10af989\" data-element_type=\"column\" data-e-type=\"column\">\n\t\t\t<div class=\"elementor-widget-wrap elementor-element-populated\">\n\t\t\t\t\t\t<div class=\"elementor-element elementor-element-d7cfa62 elementor-widget elementor-widget-image\" data-id=\"d7cfa62\" data-element_type=\"widget\" data-e-type=\"widget\" data-widget_type=\"image.default\">\n\t\t\t\t<div class=\"elementor-widget-container\">\n\t\t\t\t\t\t\t\t\t\t\t\t\t\t\t<img fetchpriority=\"high\" decoding=\"async\" width=\"900\" height=\"506\" src=\"https:\/\/www.frankberty.com\/wp-content\/uploads\/2024\/09\/la-malediction-des-filles-Martin-1024x576.png\" class=\"attachment-large size-large wp-image-3622\" alt=\"\" srcset=\"https:\/\/www.frankberty.com\/wp-content\/uploads\/2024\/09\/la-malediction-des-filles-Martin-1024x576.png 1024w, https:\/\/www.frankberty.com\/wp-content\/uploads\/2024\/09\/la-malediction-des-filles-Martin-300x169.png 300w, https:\/\/www.frankberty.com\/wp-content\/uploads\/2024\/09\/la-malediction-des-filles-Martin-768x432.png 768w, https:\/\/www.frankberty.com\/wp-content\/uploads\/2024\/09\/la-malediction-des-filles-Martin-1536x864.png 1536w, https:\/\/www.frankberty.com\/wp-content\/uploads\/2024\/09\/la-malediction-des-filles-Martin-2048x1152.png 2048w\" sizes=\"(max-width: 900px) 100vw, 900px\" \/>\t\t\t\t\t\t\t\t\t\t\t\t\t\t\t<\/div>\n\t\t\t\t<\/div>\n\t\t\t\t\t<\/div>\n\t\t<\/div>\n\t\t\t\t\t<\/div>\n\t\t<\/section>\n\t\t\t\t<section class=\"elementor-section elementor-top-section elementor-element elementor-element-d5b9c11 elementor-section-boxed elementor-section-height-default elementor-section-height-default\" data-id=\"d5b9c11\" data-element_type=\"section\" data-e-type=\"section\">\n\t\t\t\t\t\t<div class=\"elementor-container elementor-column-gap-default\">\n\t\t\t\t\t<div class=\"elementor-column elementor-col-100 elementor-top-column elementor-element elementor-element-e9dc46c\" data-id=\"e9dc46c\" data-element_type=\"column\" data-e-type=\"column\">\n\t\t\t<div class=\"elementor-widget-wrap elementor-element-populated\">\n\t\t\t\t\t\t<div class=\"elementor-element elementor-element-47830a1 elementor-widget elementor-widget-spacer\" data-id=\"47830a1\" data-element_type=\"widget\" data-e-type=\"widget\" data-widget_type=\"spacer.default\">\n\t\t\t\t<div class=\"elementor-widget-container\">\n\t\t\t\t\t\t\t<div class=\"elementor-spacer\">\n\t\t\t<div class=\"elementor-spacer-inner\"><\/div>\n\t\t<\/div>\n\t\t\t\t\t\t<\/div>\n\t\t\t\t<\/div>\n\t\t\t\t\t<\/div>\n\t\t<\/div>\n\t\t\t\t\t<\/div>\n\t\t<\/section>\n\t\t\t\t<section class=\"elementor-section elementor-top-section elementor-element elementor-element-ef904f5 elementor-section-boxed elementor-section-height-default elementor-section-height-default\" data-id=\"ef904f5\" data-element_type=\"section\" data-e-type=\"section\">\n\t\t\t\t\t\t<div class=\"elementor-container elementor-column-gap-default\">\n\t\t\t\t\t<div class=\"elementor-column elementor-col-100 elementor-top-column elementor-element elementor-element-07099ce\" data-id=\"07099ce\" data-element_type=\"column\" data-e-type=\"column\">\n\t\t\t<div class=\"elementor-widget-wrap elementor-element-populated\">\n\t\t\t\t\t\t<div class=\"elementor-element elementor-element-b599c23 elementor-widget elementor-widget-heading\" data-id=\"b599c23\" data-element_type=\"widget\" data-e-type=\"widget\" data-widget_type=\"heading.default\">\n\t\t\t\t<div class=\"elementor-widget-container\">\n\t\t\t\t\t<h2 class=\"elementor-heading-title elementor-size-default\">LA MAL\u00c9DICTION DES FILLES MARTIN<\/h2>\t\t\t\t<\/div>\n\t\t\t\t<\/div>\n\t\t\t\t\t<\/div>\n\t\t<\/div>\n\t\t\t\t\t<\/div>\n\t\t<\/section>\n\t\t\t\t<section class=\"elementor-section elementor-top-section elementor-element elementor-element-68cd34e elementor-section-boxed elementor-section-height-default elementor-section-height-default\" data-id=\"68cd34e\" data-element_type=\"section\" data-e-type=\"section\">\n\t\t\t\t\t\t<div class=\"elementor-container elementor-column-gap-default\">\n\t\t\t\t\t<div class=\"elementor-column elementor-col-100 elementor-top-column elementor-element elementor-element-ffd2144\" data-id=\"ffd2144\" data-element_type=\"column\" data-e-type=\"column\">\n\t\t\t<div class=\"elementor-widget-wrap elementor-element-populated\">\n\t\t\t\t\t\t<div class=\"elementor-element elementor-element-7fe29ac elementor-widget elementor-widget-text-editor\" data-id=\"7fe29ac\" data-element_type=\"widget\" data-e-type=\"widget\" data-widget_type=\"text-editor.default\">\n\t\t\t\t<div class=\"elementor-widget-container\">\n\t\t\t\t\t\t\t\t\t<h4><em>La Mal\u00e9diction des Filles Martin<\/em> \u2013 \u00c0 para\u00eetre en 2025 !&nbsp;<\/h4>\n<h4>J&rsquo;aime les mots, ils soignent les maux. Voici un extrait de mon livre <em>La Mal\u00e9diction des Filles Martin<\/em>, qui sera \u00e9dit\u00e9 en 2025. Un roman (presque), une histoire de vie\u2026 la mienne, ou peut-\u00eatre pas. Qu&rsquo;est-ce qui est vrai ? Qu&rsquo;est-ce qui est faux ? (Tout, peut-\u00eatre.) Une chose est s\u00fbre : aucun pr\u00e9nom n&rsquo;est r\u00e9el.<\/h4>\n<h4>Restez connect\u00e9s, l&rsquo;histoire ne fait que commencer\u2026&nbsp;<\/h4>\n<div>&nbsp;<\/div>\n<div>\n<h5><em>The Curse of the Martin Girls<\/em> \u2013 Coming in 2025!&nbsp;<\/h5>\n<h5>I love words; they heal wounds. Here\u2019s an excerpt from my book <em>The Curse of the Martin Girls<\/em>, set to be published in 2025. A novel (almost), a life story\u2026 mine, or maybe not. What is true? What is false? (Everything, perhaps.) One thing is certain: no name is real.<\/h5>\n<h5>Stay tuned\u2014the story is just beginning\u2026<\/h5>\n<\/div>\t\t\t\t\t\t\t\t<\/div>\n\t\t\t\t<\/div>\n\t\t\t\t\t<\/div>\n\t\t<\/div>\n\t\t\t\t\t<\/div>\n\t\t<\/section>\n\t\t\t\t<section class=\"elementor-section elementor-top-section elementor-element elementor-element-616d1d0 elementor-section-boxed elementor-section-height-default elementor-section-height-default\" data-id=\"616d1d0\" data-element_type=\"section\" data-e-type=\"section\">\n\t\t\t\t\t\t<div class=\"elementor-container elementor-column-gap-default\">\n\t\t\t\t\t<div class=\"elementor-column elementor-col-100 elementor-top-column elementor-element elementor-element-8085d5a\" data-id=\"8085d5a\" data-element_type=\"column\" data-e-type=\"column\">\n\t\t\t<div class=\"elementor-widget-wrap elementor-element-populated\">\n\t\t\t\t\t\t<div class=\"elementor-element elementor-element-04a8ec1 elementor-widget elementor-widget-image\" data-id=\"04a8ec1\" data-element_type=\"widget\" data-e-type=\"widget\" data-widget_type=\"image.default\">\n\t\t\t\t<div class=\"elementor-widget-container\">\n\t\t\t\t\t\t\t\t\t\t\t\t\t\t\t\t<a href=\"https:\/\/www.frankberty.com\/en\/une-dyane-verte\/\">\n\t\t\t\t\t\t\t<img decoding=\"async\" width=\"900\" height=\"900\" src=\"https:\/\/www.frankberty.com\/wp-content\/uploads\/2024\/08\/La-malediction-des-filles-Martin-1-Une-Dyane-verte--1024x1024.png\" class=\"attachment-large size-large wp-image-3585\" alt=\"\" srcset=\"https:\/\/www.frankberty.com\/wp-content\/uploads\/2024\/08\/La-malediction-des-filles-Martin-1-Une-Dyane-verte--1024x1024.png 1024w, https:\/\/www.frankberty.com\/wp-content\/uploads\/2024\/08\/La-malediction-des-filles-Martin-1-Une-Dyane-verte--300x300.png 300w, https:\/\/www.frankberty.com\/wp-content\/uploads\/2024\/08\/La-malediction-des-filles-Martin-1-Une-Dyane-verte--150x150.png 150w, https:\/\/www.frankberty.com\/wp-content\/uploads\/2024\/08\/La-malediction-des-filles-Martin-1-Une-Dyane-verte--768x768.png 768w, https:\/\/www.frankberty.com\/wp-content\/uploads\/2024\/08\/La-malediction-des-filles-Martin-1-Une-Dyane-verte-.png 1080w\" sizes=\"(max-width: 900px) 100vw, 900px\" \/>\t\t\t\t\t\t\t\t<\/a>\n\t\t\t\t\t\t\t\t\t\t\t\t\t\t\t<\/div>\n\t\t\t\t<\/div>\n\t\t\t\t\t<\/div>\n\t\t<\/div>\n\t\t\t\t\t<\/div>\n\t\t<\/section>\n\t\t\t\t<\/div>","protected":false},"excerpt":{"rendered":"<p>J&rsquo;aime les mots, ils soignent les maux. J&rsquo;ai \u00e9crit ce texte, que je publierai peut-\u00eatre un jour en livre. En attendant, c&rsquo;est un blog. L&rsquo;histoire d&rsquo;une vie, de ma vie, ou peut-\u00eatre pas. Un roman (presque). Qu&rsquo;est-ce qui est faux ? Qu&rsquo;est-ce qui est vrai ? (Tout, peut-\u00eatre.) Une chose est s\u00fbre, aucun pr\u00e9nom n&rsquo;est r\u00e9el.<\/p>","protected":false},"author":3,"featured_media":3622,"parent":0,"menu_order":0,"comment_status":"closed","ping_status":"closed","template":"","meta":{"footnotes":""},"class_list":["post-3479","page","type-page","status-publish","has-post-thumbnail","hentry"],"_links":{"self":[{"href":"https:\/\/www.frankberty.com\/en\/wp-json\/wp\/v2\/pages\/3479"}],"collection":[{"href":"https:\/\/www.frankberty.com\/en\/wp-json\/wp\/v2\/pages"}],"about":[{"href":"https:\/\/www.frankberty.com\/en\/wp-json\/wp\/v2\/types\/page"}],"author":[{"embeddable":true,"href":"https:\/\/www.frankberty.com\/en\/wp-json\/wp\/v2\/users\/3"}],"replies":[{"embeddable":true,"href":"https:\/\/www.frankberty.com\/en\/wp-json\/wp\/v2\/comments?post=3479"}],"version-history":[{"count":143,"href":"https:\/\/www.frankberty.com\/en\/wp-json\/wp\/v2\/pages\/3479\/revisions"}],"predecessor-version":[{"id":3965,"href":"https:\/\/www.frankberty.com\/en\/wp-json\/wp\/v2\/pages\/3479\/revisions\/3965"}],"wp:featuredmedia":[{"embeddable":true,"href":"https:\/\/www.frankberty.com\/en\/wp-json\/wp\/v2\/media\/3622"}],"wp:attachment":[{"href":"https:\/\/www.frankberty.com\/en\/wp-json\/wp\/v2\/media?parent=3479"}],"curies":[{"name":"wp","href":"https:\/\/api.w.org\/{rel}","templated":true}]}}